{"id":15,"date":"2023-04-23T15:32:49","date_gmt":"2023-04-23T13:32:49","guid":{"rendered":"http:\/\/shinyclave.fr\/index.php\/contact\/"},"modified":"2025-09-21T12:22:37","modified_gmt":"2025-09-21T10:22:37","slug":"contact","status":"publish","type":"page","link":"https:\/\/shinyclave.fr\/index.php\/contact\/","title":{"rendered":"Contact"},"content":{"rendered":"\n<div style=\"height:23px\" aria-hidden=\"true\" class=\"wp-block-spacer\"><\/div>\n\n\n\n<div class=\"wp-block-cover alignfull\"><img decoding=\"async\" width=\"1920\" height=\"1280\" class=\"wp-block-cover__image-background wp-image-39\" alt=\"\" src=\"https:\/\/shinyclave.fr\/wp-content\/uploads\/2023\/04\/selection-68-scaled.jpg\" data-object-fit=\"cover\" srcset=\"https:\/\/shinyclave.fr\/wp-content\/uploads\/2023\/04\/selection-68-scaled.jpg 1920w, https:\/\/shinyclave.fr\/wp-content\/uploads\/2023\/04\/selection-68-300x200.jpg 300w, https:\/\/shinyclave.fr\/wp-content\/uploads\/2023\/04\/selection-68-1024x683.jpg 1024w, https:\/\/shinyclave.fr\/wp-content\/uploads\/2023\/04\/selection-68-768x512.jpg 768w, https:\/\/shinyclave.fr\/wp-content\/uploads\/2023\/04\/selection-68-1536x1024.jpg 1536w, https:\/\/shinyclave.fr\/wp-content\/uploads\/2023\/04\/selection-68-2048x1365.jpg 2048w, https:\/\/shinyclave.fr\/wp-content\/uploads\/2023\/04\/selection-68-930x620.jpg 930w\" sizes=\"(max-width: 1920px) 100vw, 1920px\" \/><span aria-hidden=\"true\" class=\"wp-block-cover__background has-background-dim\"><\/span><div class=\"wp-block-cover__inner-container is-layout-flow wp-block-cover-is-layout-flow\">\n<h1 id=\"wp-block-themeisle-blocks-advanced-heading-6254a4e1\" class=\"wp-block-themeisle-blocks-advanced-heading wp-block-themeisle-blocks-advanced-heading-6254a4e1\">Contactez-nous !<\/h1>\n<\/div><\/div>\n\n\n\n<div class=\"wp-block-group\"><div class=\"wp-block-group__inner-container is-layout-constrained wp-block-group-is-layout-constrained\">\n<div style=\"height:47px;width:0px\" aria-hidden=\"true\" class=\"wp-block-spacer\"><\/div>\n\n\n\n<p class=\"has-text-align-center\" style=\"font-size:25px\">Pour essayer un cours <\/p>\n\n\n\n<div class=\"wp-block-buttons is-content-justification-center is-layout-flex wp-container-core-buttons-is-layout-16018d1d wp-block-buttons-is-layout-flex\">\n<div class=\"wp-block-button is-style-primary\"><a class=\"wp-block-button__link has-text-align-center wp-element-button\" href=\"mailto:shinyclave44@gmail.com\">Je m&#8217;inscris \u00e0 un cours d&#8217;essai gratuit<\/a><\/div>\n<\/div>\n\n\n\n<div style=\"height:26px\" aria-hidden=\"true\" class=\"wp-block-spacer\"><\/div>\n\n\n\n<p class=\"has-text-align-center\" style=\"font-size:25px\">Pour nous rejoindre \u00e0 l&#8217;ann\u00e9e <\/p>\n\n\n\n<div class=\"wp-block-buttons is-content-justification-center is-layout-flex wp-container-core-buttons-is-layout-16018d1d wp-block-buttons-is-layout-flex\"><\/div>\n\n\n\n<div id=\"wp-block-themeisle-blocks-button-group-4c6db60c\" class=\"wp-block-themeisle-blocks-button-group collapse-mobile wp-block-buttons align-center-desktop\">\n<div id=\"wp-block-themeisle-blocks-button-f12ac27d\" class=\"wp-block-themeisle-blocks-button wp-block-button\"><a href=\"https:\/\/www.helloasso.com\/associations\/shiny-clave\/adhesions\/inscription-annuelle-cours-salsa-debutant-debutant-plus-saison-2025-2026\" target=\"_self\" rel=\"noopener noreferrer\" class=\"wp-block-button__link\"><span>Je m&#8217;inscris <br>au cours DEBUTANT  <\/span><\/a><\/div>\n\n\n\n<div id=\"wp-block-themeisle-blocks-button-dd3618b2\" class=\"wp-block-themeisle-blocks-button wp-block-button\"><a href=\"https:\/\/www.helloasso.com\/associations\/shiny-clave\/adhesions\/inscription-annuelle-cours-mambo-social-saison-2025-2026\" target=\"_self\" rel=\"noopener noreferrer\" class=\"wp-block-button__link\"><span>Je m&#8217;inscris <br>au cours MAMBO SOCIAL<\/span><\/a><\/div>\n\n\n\n<div id=\"wp-block-themeisle-blocks-button-24cbe073\" class=\"wp-block-themeisle-blocks-button wp-block-button\"><a href=\"https:\/\/www.helloasso.com\/associations\/shiny-clave\/adhesions\/inscription-annuelle-cours-mambo-challenge-saison-2025-2026\" target=\"_self\" rel=\"noopener noreferrer\" class=\"wp-block-button__link\"><span>Je m&#8217;inscris <br>au cours MAMBO CHALLENGE<\/span><\/a><\/div>\n<\/div>\n\n\n\n<div style=\"height:26px\" aria-hidden=\"true\" class=\"wp-block-spacer\"><\/div>\n\n\n\n<p class=\"has-text-align-center\" style=\"font-size:25px\">Pour toute question<\/p>\n\n\n\n<div id=\"wp-block-themeisle-blocks-button-group-dd111d61\" class=\"wp-block-themeisle-blocks-button-group collapse-mobile wp-block-buttons align-center-desktop\">\n<div id=\"wp-block-themeisle-blocks-button-2f277d5e\" class=\"wp-block-themeisle-blocks-button wp-block-button\"><a href=\"https:\/\/shinyclave.fr\/index.php\/cours-de-salsa\/#foire-aux-questions\" target=\"_self\" rel=\"noopener noreferrer\" class=\"wp-block-button__link\"><span>Je consulte la Foire Aux Questions<\/span><\/a><\/div>\n\n\n\n<div id=\"wp-block-themeisle-blocks-button-962ece22\" class=\"wp-block-themeisle-blocks-button wp-block-button\"><a href=\"mailto:shinyclave44@gmail.com\" target=\"_self\" rel=\"noopener noreferrer\" class=\"wp-block-button__link\"><span>J&#8217;envoie un mail<\/span><\/a><\/div>\n<\/div>\n\n\n\n<div style=\"height:26px\" aria-hidden=\"true\" class=\"wp-block-spacer\"><\/div>\n\n\n\n<p class=\"has-text-align-center\" style=\"font-size:25px\">Pour nous suivre sur les r\u00e9seaux<\/p>\n\n\n\n<div id=\"wp-block-themeisle-blocks-button-group-ee255cf6\" class=\"wp-block-themeisle-blocks-button-group collapse-mobile wp-block-buttons align-center-desktop\">\n<div id=\"wp-block-themeisle-blocks-button-fd8600a1\" class=\"wp-block-themeisle-blocks-button wp-block-button\"><a href=\"https:\/\/www.facebook.com\/ShinyClave44\" target=\"_self\" rel=\"noopener noreferrer\" class=\"wp-block-button__link\"><span>Facebook<\/span><\/a><\/div>\n\n\n\n<div id=\"wp-block-themeisle-blocks-button-5fd166b3\" class=\"wp-block-themeisle-blocks-button wp-block-button\"><a href=\"https:\/\/www.instagram.com\/shinyclave_salsa_nantes\/\" target=\"_self\" rel=\"noopener noreferrer\" class=\"wp-block-button__link\"><span>Instagram<\/span><\/a><\/div>\n<\/div>\n\n\n\n<div style=\"height:26px;width:0px\" aria-hidden=\"true\" class=\"wp-block-spacer\"><\/div>\n\n\n\n<div class=\"wp-block-group\"><div class=\"wp-block-group__inner-container is-layout-constrained wp-block-group-is-layout-constrained\">\n<p class=\"has-text-align-center\" style=\"font-size:25px\">Pour nous soutenir avec une adh\u00e9sion<\/p>\n\n\n\n<div id=\"wp-block-themeisle-blocks-button-group-94e9d301\" class=\"wp-block-themeisle-blocks-button-group collapse-mobile wp-block-buttons align-center-desktop\">\n<div id=\"wp-block-themeisle-blocks-button-57229f0d\" class=\"wp-block-themeisle-blocks-button wp-block-button\"><a href=\"https:\/\/www.helloasso.com\/associations\/shiny-clave\/adhesions\/adhesion-shiny-clave-sans-cours-saison-2025-2026\" target=\"_self\" rel=\"noopener noreferrer\" class=\"wp-block-button__link\"><span>Je soutiens l&#8217;association<\/span><\/a><\/div>\n<\/div>\n\n\n\n<div style=\"height:40px\" aria-hidden=\"true\" class=\"wp-block-spacer\"><\/div>\n<\/div><\/div>\n\n\n\n<div style=\"height:81px;width:0px\" aria-hidden=\"true\" class=\"wp-block-spacer\"><\/div>\n<\/div><\/div>\n","protected":false},"excerpt":{"rendered":"<p>Pour essayer un cours Pour nous rejoindre \u00e0 l&#8217;ann\u00e9e Pour toute question Pour nous suivre sur les r\u00e9seaux Pour nous soutenir avec une adh\u00e9sion<\/p>\n","protected":false},"author":2,"featured_media":0,"parent":0,"menu_order":4,"comment_status":"closed","ping_status":"closed","template":"page-templates\/template-pagebuilder-full-width.php","meta":{"neve_meta_sidebar":"full-width","neve_meta_container":"","neve_meta_enable_content_width":"on","neve_meta_content_width":100,"neve_meta_title_alignment":"","neve_meta_author_avatar":"","neve_post_elements_order":"","neve_meta_disable_header":"","neve_meta_disable_footer":"","neve_meta_disable_title":"on","_themeisle_gutenberg_block_has_review":false,"footnotes":""},"class_list":["post-15","page","type-page","status-publish","hentry"],"_links":{"self":[{"href":"https:\/\/shinyclave.fr\/index.php\/wp-json\/wp\/v2\/pages\/15","targetHints":{"allow":["GET"]}}],"collection":[{"href":"https:\/\/shinyclave.fr\/index.php\/wp-json\/wp\/v2\/pages"}],"about":[{"href":"https:\/\/shinyclave.fr\/index.php\/wp-json\/wp\/v2\/types\/page"}],"author":[{"embeddable":true,"href":"https:\/\/shinyclave.fr\/index.php\/wp-json\/wp\/v2\/users\/2"}],"replies":[{"embeddable":true,"href":"https:\/\/shinyclave.fr\/index.php\/wp-json\/wp\/v2\/comments?post=15"}],"version-history":[{"count":47,"href":"https:\/\/shinyclave.fr\/index.php\/wp-json\/wp\/v2\/pages\/15\/revisions"}],"predecessor-version":[{"id":874,"href":"https:\/\/shinyclave.fr\/index.php\/wp-json\/wp\/v2\/pages\/15\/revisions\/874"}],"wp:attachment":[{"href":"https:\/\/shinyclave.fr\/index.php\/wp-json\/wp\/v2\/media?parent=15"}],"curies":[{"name":"wp","href":"https:\/\/api.w.org\/{rel}","templated":true}]}}