{"id":136,"date":"2023-04-25T19:38:44","date_gmt":"2023-04-25T17:38:44","guid":{"rendered":"https:\/\/shinyclave.fr\/?page_id=136"},"modified":"2025-06-15T12:30:43","modified_gmt":"2025-06-15T10:30:43","slug":"les-professeurs","status":"publish","type":"page","link":"https:\/\/shinyclave.fr\/index.php\/les-professeurs\/","title":{"rendered":"Les professeurs"},"content":{"rendered":"\n<div class=\"wp-block-columns alignwide is-layout-flex wp-container-core-columns-is-layout-9d6595d7 wp-block-columns-is-layout-flex\">\n<div class=\"wp-block-column is-layout-flow wp-block-column-is-layout-flow\">\n<figure class=\"wp-block-image size-large\"><img decoding=\"async\" width=\"683\" height=\"1024\" src=\"https:\/\/shinyclave.fr\/wp-content\/uploads\/2023\/04\/selection-29-683x1024.jpg\" alt=\"Professeur Salsa Shiny Clave \" class=\"wp-image-84\" srcset=\"https:\/\/shinyclave.fr\/wp-content\/uploads\/2023\/04\/selection-29-683x1024.jpg 683w, https:\/\/shinyclave.fr\/wp-content\/uploads\/2023\/04\/selection-29-200x300.jpg 200w, https:\/\/shinyclave.fr\/wp-content\/uploads\/2023\/04\/selection-29-768x1152.jpg 768w, https:\/\/shinyclave.fr\/wp-content\/uploads\/2023\/04\/selection-29-1024x1536.jpg 1024w, https:\/\/shinyclave.fr\/wp-content\/uploads\/2023\/04\/selection-29-1365x2048.jpg 1365w, https:\/\/shinyclave.fr\/wp-content\/uploads\/2023\/04\/selection-29-scaled.jpg 1280w\" sizes=\"(max-width: 683px) 100vw, 683px\" \/><\/figure>\n\n\n\n<div style=\"height:10px\" aria-hidden=\"true\" class=\"wp-block-spacer\"><\/div>\n\n\n\n<h2 class=\"wp-block-heading\" id=\"nadege\">Nad\u00e8ge<\/h2>\n\n\n\n<p style=\"text-align: justify;\">Tomb\u00e9e amoureuse de la salsa il y a 20 ans, Nad\u00e8ge n&#8217; a jamais cess\u00e9 de danser ! Elle a beaucoup voyag\u00e9 en France, en Europe et aux Etats-Unis pour se former et se perfectionner dans le <a href=\"https:\/\/shinyclave.fr\/#mambodefinition\">Mambo<\/a>, aupr\u00e8s de danseuses et danseurs dont elle admire le style et la p\u00e9dagogie : <a href=\"https:\/\/www.marie-cazorla.com\/\" target=\"_blank\" rel=\"noopener\">Marie Cazorla<\/a>, <a href=\"https:\/\/www.karelflores.com\/\" target=\"_blank\" rel=\"noopener\">Karel Flores<\/a> et <a href=\"https:\/\/www.eddietorresny.com\/\" target=\"_blank\" rel=\"noopener\">Eddie Torres<\/a>. C&#8217;est tout naturellement que l&#8217;envie de transmettre sa passion s&#8217;est impos\u00e9e \u00e0 elle depuis quelques ann\u00e9es.<\/p>\n\n\n\n<div style=\"height:30px\" aria-hidden=\"true\" class=\"wp-block-spacer\"><\/div>\n<\/div>\n\n\n\n<div class=\"wp-block-column is-layout-flow wp-block-column-is-layout-flow\" style=\"flex-basis:10px\">\n<div style=\"height:0px\" aria-hidden=\"true\" class=\"wp-block-spacer\"><\/div>\n<\/div>\n\n\n\n<div class=\"wp-block-column is-layout-flow wp-block-column-is-layout-flow\">\n<figure class=\"wp-block-image size-large\"><img decoding=\"async\" width=\"683\" height=\"1024\" src=\"https:\/\/shinyclave.fr\/wp-content\/uploads\/2023\/04\/selection-24-683x1024.jpg\" alt=\"\" class=\"wp-image-85\" srcset=\"https:\/\/shinyclave.fr\/wp-content\/uploads\/2023\/04\/selection-24-683x1024.jpg 683w, https:\/\/shinyclave.fr\/wp-content\/uploads\/2023\/04\/selection-24-200x300.jpg 200w, https:\/\/shinyclave.fr\/wp-content\/uploads\/2023\/04\/selection-24-768x1152.jpg 768w, https:\/\/shinyclave.fr\/wp-content\/uploads\/2023\/04\/selection-24-1024x1536.jpg 1024w, https:\/\/shinyclave.fr\/wp-content\/uploads\/2023\/04\/selection-24-1365x2048.jpg 1365w, https:\/\/shinyclave.fr\/wp-content\/uploads\/2023\/04\/selection-24-scaled.jpg 1280w\" sizes=\"(max-width: 683px) 100vw, 683px\" \/><\/figure>\n\n\n\n<div style=\"height:10px\" aria-hidden=\"true\" class=\"wp-block-spacer\"><\/div>\n\n\n\n<h2 class=\"wp-block-heading\" id=\"sam\">Sam<\/h2>\n\n\n\n<p style=\"text-align: justify;\">M\u00e9lomane depuis toujours et percussionniste amateur, Sam a d\u00e9couvert l\u2019univers latino il y a huit ans. Il s&#8217;est d&#8217;abord perfectionn\u00e9 dans les danses sociales cubaines, puis a ensuite d\u00e9couvert le <a href=\"https:\/\/shinyclave.fr\/#mambodefinition\">Mambo<\/a> dans plusieurs festivals nationaux et internationaux. Il a poursuivi sa formation aupr\u00e8s des grandes figures du Mambo lors de voyages \u00e0 New York.\u00a0<\/p>\n\n\n\n<div style=\"height:30px\" aria-hidden=\"true\" class=\"wp-block-spacer\"><\/div>\n<\/div>\n<\/div>\n\n\n\n<div class=\"wp-block-cover alignfull\" style=\"min-height:751px;aspect-ratio:unset;\"><img decoding=\"async\" width=\"942\" height=\"628\" class=\"wp-block-cover__image-background wp-image-454\" alt=\"\" src=\"https:\/\/shinyclave.fr\/wp-content\/uploads\/2023\/06\/selection-61-Copie-modifiee.jpg\" style=\"object-position:52% 17%\" data-object-fit=\"cover\" data-object-position=\"52% 17%\" srcset=\"https:\/\/shinyclave.fr\/wp-content\/uploads\/2023\/06\/selection-61-Copie-modifiee.jpg 942w, https:\/\/shinyclave.fr\/wp-content\/uploads\/2023\/06\/selection-61-Copie-modifiee-300x200.jpg 300w, https:\/\/shinyclave.fr\/wp-content\/uploads\/2023\/06\/selection-61-Copie-modifiee-768x512.jpg 768w, https:\/\/shinyclave.fr\/wp-content\/uploads\/2023\/06\/selection-61-Copie-modifiee-930x620.jpg 930w\" sizes=\"(max-width: 942px) 100vw, 942px\" \/><span aria-hidden=\"true\" class=\"wp-block-cover__background has-background-dim-70 has-background-dim\"><\/span><div class=\"wp-block-cover__inner-container is-layout-flow wp-block-cover-is-layout-flow\">\n<div class=\"wp-block-group alignfull\"><div class=\"wp-block-group__inner-container is-layout-constrained wp-block-group-is-layout-constrained\">\n<div style=\"height:72px\" aria-hidden=\"true\" class=\"wp-block-spacer\"><\/div>\n\n\n\n<div class=\"wp-block-group alignwide\"><div class=\"wp-block-group__inner-container is-layout-constrained wp-block-group-is-layout-constrained\">\n<h2 id=\"wp-block-themeisle-blocks-advanced-heading-4b35ac2e\" class=\"wp-block-themeisle-blocks-advanced-heading wp-block-themeisle-blocks-advanced-heading-4b35ac2e\">La p\u00e9dagogie Shiny Clave<\/h2>\n\n\n\n<p class=\"ticss-ace517f6\">Chez Shiny Clave, les <a href=\"https:\/\/shinyclave.fr\/index.php\/cours-de-salsa\/\" data-type=\"page\" data-id=\"14\">cours<\/a> sont con\u00e7us pour vous permettre de d\u00e9velopper vos comp\u00e9tences techniques tout en vous laissant emporter par la musique. Nous vous guidons pour ressentir le rythme, les accents et les variations propres \u00e0 la Salsa, et vous aidons \u00e0 les incorporer dans vos mouvements, seul ou avec votre partenaire de danse. Nous pensons que la danse est avant tout une affaire de connexion et de partage, c&#8217;est pourquoi nous favorisons l&#8217;apprentissage en groupe pour cr\u00e9er une communaut\u00e9 dynamique et encourager les \u00e9changes entre les danseurs. Que vous soyez d\u00e9butant ou avanc\u00e9, notre approche vivante du mambo vous permettra de vous \u00e9panouir sur la piste de danse et de faire partie d&#8217;une communaut\u00e9 de passionn\u00e9s.<\/p>\n<\/div><\/div>\n\n\n\n<div style=\"height:25px\" aria-hidden=\"true\" class=\"wp-block-spacer\"><\/div>\n\n\n\n<div class=\"wp-block-buttons is-content-justification-center is-layout-flex wp-container-core-buttons-is-layout-16018d1d wp-block-buttons-is-layout-flex\">\n<div class=\"wp-block-button has-custom-width wp-block-button__width-50 is-style-primary\"><a class=\"wp-block-button__link wp-element-button\" href=\"https:\/\/shinyclave.fr\/index.php\/contact\/\">Rejoignez-nous !<\/a><\/div>\n<\/div>\n\n\n\n<div style=\"height:52px\" aria-hidden=\"true\" class=\"wp-block-spacer\"><\/div>\n<\/div><\/div>\n<\/div><\/div>\n\n\n\n<div style=\"height:72px\" aria-hidden=\"true\" class=\"wp-block-spacer\"><\/div>\n","protected":false},"excerpt":{"rendered":"<p>Nad\u00e8ge Tomb\u00e9e amoureuse de la salsa il y a 20 ans, Nad\u00e8ge n&#8217; a jamais cess\u00e9 de danser ! Elle a beaucoup voyag\u00e9 en France, en Europe et aux Etats-Unis pour se former et se perfectionner dans le Mambo, aupr\u00e8s de danseuses et danseurs dont elle admire le style et la p\u00e9dagogie : Marie Cazorla,&hellip;&nbsp;<a href=\"https:\/\/shinyclave.fr\/index.php\/les-professeurs\/\" rel=\"bookmark\">Read More &raquo;<span class=\"screen-reader-text\">Les professeurs<\/span><\/a><\/p>\n","protected":false},"author":1,"featured_media":0,"parent":0,"menu_order":2,"comment_status":"closed","ping_status":"closed","template":"","meta":{"neve_meta_sidebar":"","neve_meta_container":"","neve_meta_enable_content_width":"","neve_meta_content_width":0,"neve_meta_title_alignment":"","neve_meta_author_avatar":"","neve_post_elements_order":"","neve_meta_disable_header":"","neve_meta_disable_footer":"","neve_meta_disable_title":"","_themeisle_gutenberg_block_has_review":false,"footnotes":""},"class_list":["post-136","page","type-page","status-publish","hentry"],"_links":{"self":[{"href":"https:\/\/shinyclave.fr\/index.php\/wp-json\/wp\/v2\/pages\/136","targetHints":{"allow":["GET"]}}],"collection":[{"href":"https:\/\/shinyclave.fr\/index.php\/wp-json\/wp\/v2\/pages"}],"about":[{"href":"https:\/\/shinyclave.fr\/index.php\/wp-json\/wp\/v2\/types\/page"}],"author":[{"embeddable":true,"href":"https:\/\/shinyclave.fr\/index.php\/wp-json\/wp\/v2\/users\/1"}],"replies":[{"embeddable":true,"href":"https:\/\/shinyclave.fr\/index.php\/wp-json\/wp\/v2\/comments?post=136"}],"version-history":[{"count":37,"href":"https:\/\/shinyclave.fr\/index.php\/wp-json\/wp\/v2\/pages\/136\/revisions"}],"predecessor-version":[{"id":843,"href":"https:\/\/shinyclave.fr\/index.php\/wp-json\/wp\/v2\/pages\/136\/revisions\/843"}],"wp:attachment":[{"href":"https:\/\/shinyclave.fr\/index.php\/wp-json\/wp\/v2\/media?parent=136"}],"curies":[{"name":"wp","href":"https:\/\/api.w.org\/{rel}","templated":true}]}}